{"id":5211,"date":"2024-04-18T13:10:52","date_gmt":"2024-04-18T11:10:52","guid":{"rendered":"https:\/\/www.seneo.org\/quienes-somos\/"},"modified":"2026-03-12T12:10:01","modified_gmt":"2026-03-12T11:10:01","slug":"quienes-somos","status":"publish","type":"page","link":"https:\/\/www.seneo.org\/es\/quienes-somos\/","title":{"rendered":"Quienes somos"},"content":{"rendered":"\t\t<div data-elementor-type=\"wp-page\" data-elementor-id=\"5211\" class=\"elementor elementor-5211 elementor-3986\">\n\t\t\t\t\t\t<section class=\"elementor-section elementor-top-section elementor-element elementor-element-750572d4 elementor-section-boxed elementor-section-height-default elementor-section-height-default\" data-id=\"750572d4\" data-element_type=\"section\" data-e-type=\"section\">\n\t\t\t\t\t\t<div class=\"elementor-container elementor-column-gap-default\">\n\t\t\t\t\t<div class=\"elementor-column elementor-col-100 elementor-top-column elementor-element elementor-element-146201d4\" data-id=\"146201d4\" data-element_type=\"column\" data-e-type=\"column\">\n\t\t\t<div class=\"elementor-widget-wrap elementor-element-populated\">\n\t\t\t\t\t\t<div class=\"elementor-element elementor-element-30770b89 elementor-widget elementor-widget-modina_section_title\" data-id=\"30770b89\" data-element_type=\"widget\" data-e-type=\"widget\" data-widget_type=\"modina_section_title.default\">\n\t\t\t\t<div class=\"elementor-widget-container\">\n\t\t\t\t\t\r\n        <div class=\"block-contents text-start\">\r\n        <div class=\"section-title\">\r\n            <h5 class=\"text-start\">Quienes somos<\/h5>\r\n            <span>Desde 2013<\/span>\r\n            <h2>Por un nuevo <span>modelo energ\u00e9tico<\/span><\/h2>\r\n        <\/div>\r\n            <\/div>\r\n    \r\n    \t\t\t\t<\/div>\n\t\t\t\t<\/div>\n\t\t\t\t<section class=\"elementor-section elementor-inner-section elementor-element elementor-element-dc0f7b4 elementor-section-full_width elementor-section-height-default elementor-section-height-default\" data-id=\"dc0f7b4\" data-element_type=\"section\" data-e-type=\"section\">\n\t\t\t\t\t\t<div class=\"elementor-container elementor-column-gap-no\">\n\t\t\t\t\t<div class=\"elementor-column elementor-col-66 elementor-inner-column elementor-element elementor-element-68f0b61e\" data-id=\"68f0b61e\" data-element_type=\"column\" data-e-type=\"column\">\n\t\t\t<div class=\"elementor-widget-wrap elementor-element-populated\">\n\t\t\t\t\t\t<div class=\"elementor-element elementor-element-6d00d34 elementor-widget elementor-widget-text-editor\" data-id=\"6d00d34\" data-element_type=\"widget\" data-e-type=\"widget\" data-widget_type=\"text-editor.default\">\n\t\t\t\t<div class=\"elementor-widget-container\">\n\t\t\t\t\t\t\t\t\t<p>SENEO se fund\u00f3 en Ontinyent en 2013 por un reducido grupo de personas que est\u00e1bamos buscando una <strong>alternativa al actual modelo energ\u00e9tico<\/strong> y adem\u00e1s poder ofrecer un servicio b\u00e1sico y esencial para la ciudadan\u00eda como es el de la electricidad en las mejores condiciones posibles.<\/p>\n<p><br><\/p>\t\t\t\t\t\t\t\t<\/div>\n\t\t\t\t<\/div>\n\t\t\t\t\t<\/div>\n\t\t<\/div>\n\t\t\t\t<div class=\"elementor-column elementor-col-33 elementor-inner-column elementor-element elementor-element-bf53d0f elementor-invisible\" data-id=\"bf53d0f\" data-element_type=\"column\" data-e-type=\"column\" data-settings=\"{&quot;animation&quot;:&quot;fadeInRight&quot;}\">\n\t\t\t<div class=\"elementor-widget-wrap elementor-element-populated\">\n\t\t\t\t\t\t<div class=\"elementor-element elementor-element-2d205b9c elementor-widget elementor-widget-modina_mask_countup\" data-id=\"2d205b9c\" data-element_type=\"widget\" data-e-type=\"widget\" data-widget_type=\"modina_mask_countup.default\">\n\t\t\t\t<div class=\"elementor-widget-container\">\n\t\t\t\t\t    \r\n            <div class=\"mask-outline text-center\" style=\"background-image: url('https:\/\/modinatheme.com\/energyland\/wp-content\/uploads\/2022\/07\/energia_image12.jpeg'); background-position: left\">\r\n                            <h1>12<\/h1>\r\n                    <\/div>\r\n        \t\t\t\t<\/div>\n\t\t\t\t<\/div>\n\t\t\t\t<div class=\"elementor-element elementor-element-18b7cadf elementor-widget elementor-widget-heading\" data-id=\"18b7cadf\" data-element_type=\"widget\" data-e-type=\"widget\" data-widget_type=\"heading.default\">\n\t\t\t\t<div class=\"elementor-widget-container\">\n\t\t\t\t\t<h5 class=\"elementor-heading-title elementor-size-default\">a\u00f1os<\/h5>\t\t\t\t<\/div>\n\t\t\t\t<\/div>\n\t\t\t\t\t<\/div>\n\t\t<\/div>\n\t\t\t\t\t<\/div>\n\t\t<\/section>\n\t\t\t\t\t<\/div>\n\t\t<\/div>\n\t\t\t\t\t<\/div>\n\t\t<\/section>\n\t\t\t\t<section class=\"elementor-section elementor-top-section elementor-element elementor-element-4540cbd elementor-section-boxed elementor-section-height-default elementor-section-height-default\" data-id=\"4540cbd\" data-element_type=\"section\" data-e-type=\"section\">\n\t\t\t\t\t\t<div class=\"elementor-container elementor-column-gap-default\">\n\t\t\t\t\t<div class=\"elementor-column elementor-col-100 elementor-top-column elementor-element elementor-element-de8cd46\" data-id=\"de8cd46\" data-element_type=\"column\" data-e-type=\"column\">\n\t\t\t<div class=\"elementor-widget-wrap elementor-element-populated\">\n\t\t\t\t\t\t<section class=\"elementor-section elementor-inner-section elementor-element elementor-element-ce7409e elementor-section-full_width elementor-section-height-default elementor-section-height-default\" data-id=\"ce7409e\" data-element_type=\"section\" data-e-type=\"section\">\n\t\t\t\t\t\t<div class=\"elementor-container elementor-column-gap-no\">\n\t\t\t\t\t<div class=\"elementor-column elementor-col-66 elementor-inner-column elementor-element elementor-element-5ed8c2e\" data-id=\"5ed8c2e\" data-element_type=\"column\" data-e-type=\"column\">\n\t\t\t<div class=\"elementor-widget-wrap elementor-element-populated\">\n\t\t\t\t\t\t<div class=\"elementor-element elementor-element-c4030be elementor-widget elementor-widget-heading\" data-id=\"c4030be\" data-element_type=\"widget\" data-e-type=\"widget\" data-widget_type=\"heading.default\">\n\t\t\t\t<div class=\"elementor-widget-container\">\n\t\t\t\t\t<h2 class=\"elementor-heading-title elementor-size-default\">Cooperativa de consumidores<\/h2>\t\t\t\t<\/div>\n\t\t\t\t<\/div>\n\t\t\t\t<div class=\"elementor-element elementor-element-4e2c95b elementor-widget elementor-widget-text-editor\" data-id=\"4e2c95b\" data-element_type=\"widget\" data-e-type=\"widget\" data-widget_type=\"text-editor.default\">\n\t\t\t\t<div class=\"elementor-widget-container\">\n\t\t\t\t\t\t\t\t\t<p>Por dicho motivo nos constituimos como cooperativa de <strong>consumidores y usuarios<\/strong>&nbsp;con intenci\u00f3n de dedicar la principal actividad de SENEO a la <strong>comercializaci\u00f3n de energ\u00eda el\u00e9ctrica certificada 100% renovable<\/strong>.<\/p>\n<p>De esta forma y desde aquel momento se ofrece a la ciudadan\u00eda la posibilidad de efectuar un <strong>consumo m\u00e1s sostenible, social y responsable<\/strong> en el \u00e1mbito energ\u00e9tico y adem\u00e1s a un precio algo m\u00e1s econ\u00f3mico.<\/p>\t\t\t\t\t\t\t\t<\/div>\n\t\t\t\t<\/div>\n\t\t\t\t\t<\/div>\n\t\t<\/div>\n\t\t\t\t<div class=\"elementor-column elementor-col-33 elementor-inner-column elementor-element elementor-element-6f01c8f elementor-invisible\" data-id=\"6f01c8f\" data-element_type=\"column\" data-e-type=\"column\" data-settings=\"{&quot;animation&quot;:&quot;fadeInRight&quot;,&quot;animation_delay&quot;:500}\">\n\t\t\t<div class=\"elementor-widget-wrap elementor-element-populated\">\n\t\t\t\t\t\t<div class=\"elementor-element elementor-element-cfedad5 elementor-widget elementor-widget-image\" data-id=\"cfedad5\" data-element_type=\"widget\" data-e-type=\"widget\" data-widget_type=\"image.default\">\n\t\t\t\t<div class=\"elementor-widget-container\">\n\t\t\t\t\t\t\t\t\t\t\t\t\t\t\t<img fetchpriority=\"high\" decoding=\"async\" width=\"640\" height=\"480\" src=\"https:\/\/www.seneo.org\/wp-content\/uploads\/2024\/04\/foto-cooperativa.jpg\" class=\"attachment-large size-large wp-image-5150\" alt=\"\" srcset=\"https:\/\/www.seneo.org\/wp-content\/uploads\/2024\/04\/foto-cooperativa.jpg 640w, https:\/\/www.seneo.org\/wp-content\/uploads\/2024\/04\/foto-cooperativa-300x225.jpg 300w\" sizes=\"(max-width: 640px) 100vw, 640px\" \/>\t\t\t\t\t\t\t\t\t\t\t\t\t\t\t<\/div>\n\t\t\t\t<\/div>\n\t\t\t\t\t<\/div>\n\t\t<\/div>\n\t\t\t\t\t<\/div>\n\t\t<\/section>\n\t\t\t\t\t<\/div>\n\t\t<\/div>\n\t\t\t\t\t<\/div>\n\t\t<\/section>\n\t\t\t\t<section class=\"elementor-section elementor-top-section elementor-element elementor-element-c705096 elementor-section-boxed elementor-section-height-default elementor-section-height-default\" data-id=\"c705096\" data-element_type=\"section\" data-e-type=\"section\">\n\t\t\t\t\t\t<div class=\"elementor-container elementor-column-gap-default\">\n\t\t\t\t\t<div class=\"elementor-column elementor-col-100 elementor-top-column elementor-element elementor-element-32abddf\" data-id=\"32abddf\" data-element_type=\"column\" data-e-type=\"column\">\n\t\t\t<div class=\"elementor-widget-wrap elementor-element-populated\">\n\t\t\t\t\t\t<section class=\"elementor-section elementor-inner-section elementor-element elementor-element-3b40bf9 elementor-section-full_width elementor-section-height-default elementor-section-height-default\" data-id=\"3b40bf9\" data-element_type=\"section\" data-e-type=\"section\">\n\t\t\t\t\t\t<div class=\"elementor-container elementor-column-gap-no\">\n\t\t\t\t\t<div class=\"elementor-column elementor-col-66 elementor-inner-column elementor-element elementor-element-dedfa9a\" data-id=\"dedfa9a\" data-element_type=\"column\" data-e-type=\"column\">\n\t\t\t<div class=\"elementor-widget-wrap elementor-element-populated\">\n\t\t\t\t\t\t<div class=\"elementor-element elementor-element-1cebbdf elementor-widget elementor-widget-heading\" data-id=\"1cebbdf\" data-element_type=\"widget\" data-e-type=\"widget\" data-widget_type=\"heading.default\">\n\t\t\t\t<div class=\"elementor-widget-container\">\n\t\t\t\t\t<h2 class=\"elementor-heading-title elementor-size-default\">Hacia un modelo energ\u00e9tico sostenible<\/h2>\t\t\t\t<\/div>\n\t\t\t\t<\/div>\n\t\t\t\t<div class=\"elementor-element elementor-element-8e93049 elementor-widget elementor-widget-text-editor\" data-id=\"8e93049\" data-element_type=\"widget\" data-e-type=\"widget\" data-widget_type=\"text-editor.default\">\n\t\t\t\t<div class=\"elementor-widget-container\">\n\t\t\t\t\t\t\t\t\t<p>Adem\u00e1s de ofrecer un mejor servicio, nuestra pretensi\u00f3n es la de contribuir y acelerar la transici\u00f3n hacia un <strong>modelo energ\u00e9tico sostenible<\/strong> en el cual la sociedad se provea por fuentes <strong>100% renovables<\/strong> y as\u00ed aminorar los impactos del cambio clim\u00e1tico.<\/p>\n\t\t\t\t\t\t\t\t<\/div>\n\t\t\t\t<\/div>\n\t\t\t\t\t<\/div>\n\t\t<\/div>\n\t\t\t\t<div class=\"elementor-column elementor-col-33 elementor-inner-column elementor-element elementor-element-1e6f251 elementor-invisible\" data-id=\"1e6f251\" data-element_type=\"column\" data-e-type=\"column\" data-settings=\"{&quot;animation&quot;:&quot;fadeInRight&quot;,&quot;animation_delay&quot;:1000}\">\n\t\t\t<div class=\"elementor-widget-wrap elementor-element-populated\">\n\t\t\t\t\t\t<div class=\"elementor-element elementor-element-3fff934 elementor-widget elementor-widget-image\" data-id=\"3fff934\" data-element_type=\"widget\" data-e-type=\"widget\" data-widget_type=\"image.default\">\n\t\t\t\t<div class=\"elementor-widget-container\">\n\t\t\t\t\t\t\t\t\t\t\t\t\t\t\t<img decoding=\"async\" width=\"841\" height=\"534\" src=\"https:\/\/www.seneo.org\/wp-content\/uploads\/2022\/07\/img-35.jpeg\" class=\"attachment-large size-large wp-image-5087\" alt=\"\" srcset=\"https:\/\/www.seneo.org\/wp-content\/uploads\/2022\/07\/img-35.jpeg 841w, https:\/\/www.seneo.org\/wp-content\/uploads\/2022\/07\/img-35-300x190.jpeg 300w, https:\/\/www.seneo.org\/wp-content\/uploads\/2022\/07\/img-35-768x488.jpeg 768w\" sizes=\"(max-width: 841px) 100vw, 841px\" \/>\t\t\t\t\t\t\t\t\t\t\t\t\t\t\t<\/div>\n\t\t\t\t<\/div>\n\t\t\t\t\t<\/div>\n\t\t<\/div>\n\t\t\t\t\t<\/div>\n\t\t<\/section>\n\t\t\t\t\t<\/div>\n\t\t<\/div>\n\t\t\t\t\t<\/div>\n\t\t<\/section>\n\t\t\t\t<\/div>\n\t\t","protected":false},"excerpt":{"rendered":"<p>Quienes somos Desde 2013 Por un nuevo modelo energ\u00e9tico SENEO se fund\u00f3 en Ontinyent en 2013 por un reducido grupo de personas que est\u00e1bamos buscando una alternativa al actual modelo energ\u00e9tico y adem\u00e1s poder ofrecer un servicio b\u00e1sico y esencial para la ciudadan\u00eda como es el de la electricidad en las mejores condiciones posibles. 12 [&hellip;]<\/p>\n","protected":false},"author":1,"featured_media":0,"parent":0,"menu_order":0,"comment_status":"closed","ping_status":"closed","template":"elementor_header_footer","meta":{"_acf_changed":false,"footnotes":""},"class_list":["post-5211","page","type-page","status-publish","hentry"],"acf":[],"_links":{"self":[{"href":"https:\/\/www.seneo.org\/es\/wp-json\/wp\/v2\/pages\/5211","targetHints":{"allow":["GET"]}}],"collection":[{"href":"https:\/\/www.seneo.org\/es\/wp-json\/wp\/v2\/pages"}],"about":[{"href":"https:\/\/www.seneo.org\/es\/wp-json\/wp\/v2\/types\/page"}],"author":[{"embeddable":true,"href":"https:\/\/www.seneo.org\/es\/wp-json\/wp\/v2\/users\/1"}],"replies":[{"embeddable":true,"href":"https:\/\/www.seneo.org\/es\/wp-json\/wp\/v2\/comments?post=5211"}],"version-history":[{"count":22,"href":"https:\/\/www.seneo.org\/es\/wp-json\/wp\/v2\/pages\/5211\/revisions"}],"predecessor-version":[{"id":6985,"href":"https:\/\/www.seneo.org\/es\/wp-json\/wp\/v2\/pages\/5211\/revisions\/6985"}],"wp:attachment":[{"href":"https:\/\/www.seneo.org\/es\/wp-json\/wp\/v2\/media?parent=5211"}],"curies":[{"name":"wp","href":"https:\/\/api.w.org\/{rel}","templated":true}]}}