{"id":5213,"date":"2022-07-20T07:45:39","date_gmt":"2022-07-20T05:45:39","guid":{"rendered":"https:\/\/www.seneo.org\/?page_id=5213"},"modified":"2026-03-12T12:06:36","modified_gmt":"2026-03-12T11:06:36","slug":"por-que-elegir-seneo","status":"publish","type":"page","link":"https:\/\/www.seneo.org\/es\/por-que-elegir-seneo\/","title":{"rendered":"\u00bfPor qu\u00e9 elegir Seneo?"},"content":{"rendered":"\t\t<div data-elementor-type=\"wp-page\" data-elementor-id=\"5213\" class=\"elementor elementor-5213 elementor-2145\">\n\t\t\t\t\t\t<section class=\"elementor-section elementor-top-section elementor-element elementor-element-e15d7ed elementor-section-boxed elementor-section-height-default elementor-section-height-default\" data-id=\"e15d7ed\" data-element_type=\"section\" data-e-type=\"section\">\n\t\t\t\t\t\t<div class=\"elementor-container elementor-column-gap-default\">\n\t\t\t\t\t<div class=\"elementor-column elementor-col-100 elementor-top-column elementor-element elementor-element-81eb753\" data-id=\"81eb753\" data-element_type=\"column\" data-e-type=\"column\">\n\t\t\t<div class=\"elementor-widget-wrap elementor-element-populated\">\n\t\t\t\t\t\t<div class=\"elementor-element elementor-element-2500548 elementor-widget elementor-widget-modina_section_title\" data-id=\"2500548\" data-element_type=\"widget\" data-e-type=\"widget\" data-widget_type=\"modina_section_title.default\">\n\t\t\t\t<div class=\"elementor-widget-container\">\n\t\t\t\t\t\r\n        <div class=\"block-contents text-center\">\r\n        <div class=\"section-title\">\r\n            <h5 class=\"text-center\"><\/h5>\r\n            <span>Razones para el cambio<\/span>\r\n            <h2>Por qu\u00e9 elegir <span>Seneo<\/span><\/h2>\r\n        <\/div>\r\n            <\/div>\r\n    \r\n    \t\t\t\t<\/div>\n\t\t\t\t<\/div>\n\t\t\t\t\t<\/div>\n\t\t<\/div>\n\t\t\t\t\t<\/div>\n\t\t<\/section>\n\t\t\t\t<section class=\"elementor-section elementor-top-section elementor-element elementor-element-f699bdc elementor-section-boxed elementor-section-height-default elementor-section-height-default\" data-id=\"f699bdc\" data-element_type=\"section\" data-e-type=\"section\">\n\t\t\t\t\t\t<div class=\"elementor-container elementor-column-gap-default\">\n\t\t\t\t\t<div class=\"elementor-column elementor-col-100 elementor-top-column elementor-element elementor-element-94dfe30\" data-id=\"94dfe30\" data-element_type=\"column\" data-e-type=\"column\">\n\t\t\t<div class=\"elementor-widget-wrap elementor-element-populated\">\n\t\t\t\t\t\t<section class=\"elementor-section elementor-inner-section elementor-element elementor-element-6f48241 elementor-section-full_width elementor-section-height-default elementor-section-height-default elementor-invisible\" data-id=\"6f48241\" data-element_type=\"section\" data-e-type=\"section\" data-settings=\"{&quot;animation&quot;:&quot;fadeInLeft&quot;}\">\n\t\t\t\t\t\t<div class=\"elementor-container elementor-column-gap-default\">\n\t\t\t\t\t<div class=\"elementor-column elementor-col-33 elementor-inner-column elementor-element elementor-element-b9a4868\" data-id=\"b9a4868\" data-element_type=\"column\" data-e-type=\"column\" data-settings=\"{&quot;background_background&quot;:&quot;classic&quot;}\">\n\t\t\t<div class=\"elementor-widget-wrap elementor-element-populated\">\n\t\t\t\t\t\t<div class=\"elementor-element elementor-element-3bab2b0 elementor-widget elementor-widget-modina_icons\" data-id=\"3bab2b0\" data-element_type=\"widget\" data-e-type=\"widget\" data-widget_type=\"modina_icons.default\">\n\t\t\t\t<div class=\"elementor-widget-container\">\n\t\t\t\t\t                <div class=\"icon\">\r\n            <i class=\"flaticon-green-energy-2\"><\/i>\r\n        <\/div>\r\n            \t\t\t\t<\/div>\n\t\t\t\t<\/div>\n\t\t\t\t<div class=\"elementor-element elementor-element-fb1ef24 elementor-widget elementor-widget-heading\" data-id=\"fb1ef24\" data-element_type=\"widget\" data-e-type=\"widget\" data-widget_type=\"heading.default\">\n\t\t\t\t<div class=\"elementor-widget-container\">\n\t\t\t\t\t<h4 class=\"elementor-heading-title elementor-size-default\">Energ\u00eda 100% renovable<\/h4>\t\t\t\t<\/div>\n\t\t\t\t<\/div>\n\t\t\t\t<div class=\"elementor-element elementor-element-ec057ee elementor-widget elementor-widget-heading\" data-id=\"ec057ee\" data-element_type=\"widget\" data-e-type=\"widget\" data-widget_type=\"heading.default\">\n\t\t\t\t<div class=\"elementor-widget-container\">\n\t\t\t\t\t<p class=\"elementor-heading-title elementor-size-default\">\u00danicamente comercializamos energ\u00eda proveniente de fuentes 100 % renovables. As\u00ed nos lo certifica la CNMC mediante el Sistema de Garant\u00edas de Origen (GdO\u2019s) con la categor\u00eda del grupo A y de este modo tenemos la garant\u00eda de que las emisiones de CO2 y los residuos nucleares generados con nuestro consumo el\u00e9ctrico son igual a 0.<\/p>\t\t\t\t<\/div>\n\t\t\t\t<\/div>\n\t\t\t\t\t<\/div>\n\t\t<\/div>\n\t\t\t\t<div class=\"elementor-column elementor-col-33 elementor-inner-column elementor-element elementor-element-f3a2346\" data-id=\"f3a2346\" data-element_type=\"column\" data-e-type=\"column\" data-settings=\"{&quot;background_background&quot;:&quot;classic&quot;}\">\n\t\t\t<div class=\"elementor-widget-wrap elementor-element-populated\">\n\t\t\t\t\t\t<div class=\"elementor-element elementor-element-4757204 elementor-widget elementor-widget-modina_icons\" data-id=\"4757204\" data-element_type=\"widget\" data-e-type=\"widget\" data-widget_type=\"modina_icons.default\">\n\t\t\t\t<div class=\"elementor-widget-container\">\n\t\t\t\t\t                <div class=\"icon\">\r\n            <i class=\"flaticon-light-bulb\"><\/i>\r\n        <\/div>\r\n            \t\t\t\t<\/div>\n\t\t\t\t<\/div>\n\t\t\t\t<div class=\"elementor-element elementor-element-83e18e6 elementor-widget elementor-widget-heading\" data-id=\"83e18e6\" data-element_type=\"widget\" data-e-type=\"widget\" data-widget_type=\"heading.default\">\n\t\t\t\t<div class=\"elementor-widget-container\">\n\t\t\t\t\t<h4 class=\"elementor-heading-title elementor-size-default\">Cooperativismo<\/h4>\t\t\t\t<\/div>\n\t\t\t\t<\/div>\n\t\t\t\t<div class=\"elementor-element elementor-element-c3be840 elementor-widget elementor-widget-heading\" data-id=\"c3be840\" data-element_type=\"widget\" data-e-type=\"widget\" data-widget_type=\"heading.default\">\n\t\t\t\t<div class=\"elementor-widget-container\">\n\t\t\t\t\t<p class=\"elementor-heading-title elementor-size-default\">Al contratar la luz con SENEO das apoyo a un modelo econ\u00f3mico cooperativo. En nuestro caso concreto, una cooperativa de consumidores y usuarios sin \u00e1nimo de lucro.<\/p>\t\t\t\t<\/div>\n\t\t\t\t<\/div>\n\t\t\t\t\t<\/div>\n\t\t<\/div>\n\t\t\t\t<div class=\"elementor-column elementor-col-33 elementor-inner-column elementor-element elementor-element-4f9476b\" data-id=\"4f9476b\" data-element_type=\"column\" data-e-type=\"column\" data-settings=\"{&quot;background_background&quot;:&quot;classic&quot;}\">\n\t\t\t<div class=\"elementor-widget-wrap elementor-element-populated\">\n\t\t\t\t\t\t<div class=\"elementor-element elementor-element-0edbf55 elementor-widget elementor-widget-modina_icons\" data-id=\"0edbf55\" data-element_type=\"widget\" data-e-type=\"widget\" data-widget_type=\"modina_icons.default\">\n\t\t\t\t<div class=\"elementor-widget-container\">\n\t\t\t\t\t                <div class=\"icon\">\r\n            <i class=\"flaticon-support\"><\/i>\r\n        <\/div>\r\n            \t\t\t\t<\/div>\n\t\t\t\t<\/div>\n\t\t\t\t<div class=\"elementor-element elementor-element-f37b536 elementor-widget elementor-widget-heading\" data-id=\"f37b536\" data-element_type=\"widget\" data-e-type=\"widget\" data-widget_type=\"heading.default\">\n\t\t\t\t<div class=\"elementor-widget-container\">\n\t\t\t\t\t<h4 class=\"elementor-heading-title elementor-size-default\">Mejor precio y servicio<\/h4>\t\t\t\t<\/div>\n\t\t\t\t<\/div>\n\t\t\t\t<div class=\"elementor-element elementor-element-955bdad elementor-widget elementor-widget-heading\" data-id=\"955bdad\" data-element_type=\"widget\" data-e-type=\"widget\" data-widget_type=\"heading.default\">\n\t\t\t\t<div class=\"elementor-widget-container\">\n\t\t\t\t\t<p class=\"elementor-heading-title elementor-size-default\">Uno de nuestros principales objetivos es ofrecer a los socios y socias la venta de energ\u00eda el\u00e9ctrica en las mejores condiciones de precio y servicio. Aparte del trato directo y personalizado, desde SENEO tambi\u00e9n asesoramos al socio\/a para que pueda reducir, en la medida de lo posible, su gasto energ\u00e9tico y\necon\u00f3mico. Para ello analizamos si tiene la potencia adecuada, qu\u00e9 tarifa le conviene m\u00e1s y si actualmente est\u00e1 pagando servicios innecesarios, as\u00ed como inform\u00e1ndolo de h\u00e1bitos recomendables que pueden hacerle reducir su consumo.<\/p>\t\t\t\t<\/div>\n\t\t\t\t<\/div>\n\t\t\t\t\t<\/div>\n\t\t<\/div>\n\t\t\t\t\t<\/div>\n\t\t<\/section>\n\t\t\t\t<section class=\"elementor-section elementor-inner-section elementor-element elementor-element-8de193d elementor-section-full_width elementor-section-height-default elementor-section-height-default elementor-invisible\" data-id=\"8de193d\" data-element_type=\"section\" data-e-type=\"section\" data-settings=\"{&quot;animation&quot;:&quot;fadeInRight&quot;}\">\n\t\t\t\t\t\t<div class=\"elementor-container elementor-column-gap-default\">\n\t\t\t\t\t<div class=\"elementor-column elementor-col-100 elementor-inner-column elementor-element elementor-element-8c679de\" data-id=\"8c679de\" data-element_type=\"column\" data-e-type=\"column\" data-settings=\"{&quot;background_background&quot;:&quot;classic&quot;}\">\n\t\t\t<div class=\"elementor-widget-wrap elementor-element-populated\">\n\t\t\t\t\t\t<div class=\"elementor-element elementor-element-e1f64d5 elementor-widget elementor-widget-modina_icons\" data-id=\"e1f64d5\" data-element_type=\"widget\" data-e-type=\"widget\" data-widget_type=\"modina_icons.default\">\n\t\t\t\t<div class=\"elementor-widget-container\">\n\t\t\t\t\t                <div class=\"icon\">\r\n            <i class=\"flaticon-green-energy\"><\/i>\r\n        <\/div>\r\n            \t\t\t\t<\/div>\n\t\t\t\t<\/div>\n\t\t\t\t<div class=\"elementor-element elementor-element-d8121f6 elementor-widget elementor-widget-heading\" data-id=\"d8121f6\" data-element_type=\"widget\" data-e-type=\"widget\" data-widget_type=\"heading.default\">\n\t\t\t\t<div class=\"elementor-widget-container\">\n\t\t\t\t\t<h4 class=\"elementor-heading-title elementor-size-default\">Ser parte de la soluci\u00f3n<\/h4>\t\t\t\t<\/div>\n\t\t\t\t<\/div>\n\t\t\t\t<div class=\"elementor-element elementor-element-1b31d84 elementor-widget elementor-widget-heading\" data-id=\"1b31d84\" data-element_type=\"widget\" data-e-type=\"widget\" data-widget_type=\"heading.default\">\n\t\t\t\t<div class=\"elementor-widget-container\">\n\t\t\t\t\t<p class=\"elementor-heading-title elementor-size-default\">Al sumarte a SENEO contribuir\u00e1s a un crear una demanda hacia un modelo energ\u00e9tico 100% renovable y ser parte activa del cambio hacia una sociedad m\u00e1s sostenible.<\/p>\t\t\t\t<\/div>\n\t\t\t\t<\/div>\n\t\t\t\t\t<\/div>\n\t\t<\/div>\n\t\t\t\t\t<\/div>\n\t\t<\/section>\n\t\t\t\t\t<\/div>\n\t\t<\/div>\n\t\t\t\t\t<\/div>\n\t\t<\/section>\n\t\t\t\t<\/div>\n\t\t","protected":false},"excerpt":{"rendered":"<p>Razones para el cambio Por qu\u00e9 elegir Seneo Energ\u00eda 100% renovable \u00danicamente comercializamos energ\u00eda proveniente de fuentes 100 % renovables. As\u00ed nos lo certifica la CNMC mediante el Sistema de Garant\u00edas de Origen (GdO\u2019s) con la categor\u00eda del grupo A y de este modo tenemos la garant\u00eda de que las emisiones de CO2 y los [&hellip;]<\/p>\n","protected":false},"author":1,"featured_media":0,"parent":0,"menu_order":0,"comment_status":"closed","ping_status":"closed","template":"elementor_header_footer","meta":{"_acf_changed":false,"footnotes":""},"class_list":["post-5213","page","type-page","status-publish","hentry"],"acf":[],"_links":{"self":[{"href":"https:\/\/www.seneo.org\/es\/wp-json\/wp\/v2\/pages\/5213","targetHints":{"allow":["GET"]}}],"collection":[{"href":"https:\/\/www.seneo.org\/es\/wp-json\/wp\/v2\/pages"}],"about":[{"href":"https:\/\/www.seneo.org\/es\/wp-json\/wp\/v2\/types\/page"}],"author":[{"embeddable":true,"href":"https:\/\/www.seneo.org\/es\/wp-json\/wp\/v2\/users\/1"}],"replies":[{"embeddable":true,"href":"https:\/\/www.seneo.org\/es\/wp-json\/wp\/v2\/comments?post=5213"}],"version-history":[{"count":14,"href":"https:\/\/www.seneo.org\/es\/wp-json\/wp\/v2\/pages\/5213\/revisions"}],"predecessor-version":[{"id":6979,"href":"https:\/\/www.seneo.org\/es\/wp-json\/wp\/v2\/pages\/5213\/revisions\/6979"}],"wp:attachment":[{"href":"https:\/\/www.seneo.org\/es\/wp-json\/wp\/v2\/media?parent=5213"}],"curies":[{"name":"wp","href":"https:\/\/api.w.org\/{rel}","templated":true}]}}