{"id":5222,"date":"2024-04-23T17:38:49","date_gmt":"2024-04-23T15:38:49","guid":{"rendered":"https:\/\/www.seneo.org\/?page_id=5222"},"modified":"2025-12-05T13:28:21","modified_gmt":"2025-12-05T12:28:21","slug":"objetivos","status":"publish","type":"page","link":"https:\/\/www.seneo.org\/es\/objetivos\/","title":{"rendered":"Objetivos"},"content":{"rendered":"\t\t<div data-elementor-type=\"wp-page\" data-elementor-id=\"5222\" class=\"elementor elementor-5222 elementor-4207\">\n\t\t\t\t\t\t<section class=\"elementor-section elementor-top-section elementor-element elementor-element-bb4aa92 elementor-section-boxed elementor-section-height-default elementor-section-height-default\" data-id=\"bb4aa92\" data-element_type=\"section\" data-e-type=\"section\" data-settings=\"{&quot;background_background&quot;:&quot;classic&quot;}\">\n\t\t\t\t\t\t<div class=\"elementor-container elementor-column-gap-default\">\n\t\t\t\t\t<div class=\"elementor-column elementor-col-50 elementor-top-column elementor-element elementor-element-89c5883 elementor-invisible\" data-id=\"89c5883\" data-element_type=\"column\" data-e-type=\"column\" data-settings=\"{&quot;animation&quot;:&quot;fadeInLeft&quot;}\">\n\t\t\t<div class=\"elementor-widget-wrap elementor-element-populated\">\n\t\t\t\t\t\t<div class=\"elementor-element elementor-element-007f0c6 elementor-position-inline-start elementor-view-default elementor-mobile-position-block-start elementor-widget elementor-widget-icon-box\" data-id=\"007f0c6\" data-element_type=\"widget\" data-e-type=\"widget\" data-widget_type=\"icon-box.default\">\n\t\t\t\t<div class=\"elementor-widget-container\">\n\t\t\t\t\t\t\t<div class=\"elementor-icon-box-wrapper\">\n\n\t\t\t\t\t\t<div class=\"elementor-icon-box-icon\">\n\t\t\t\t<span  class=\"elementor-icon\">\n\t\t\t\t<svg aria-hidden=\"true\" class=\"e-font-icon-svg e-far-arrow-alt-circle-right\" viewBox=\"0 0 512 512\" xmlns=\"http:\/\/www.w3.org\/2000\/svg\"><path d=\"M504 256C504 119 393 8 256 8S8 119 8 256s111 248 248 248 248-111 248-248zm-448 0c0-110.5 89.5-200 200-200s200 89.5 200 200-89.5 200-200 200S56 366.5 56 256zm72 20v-40c0-6.6 5.4-12 12-12h116v-67c0-10.7 12.9-16 20.5-8.5l99 99c4.7 4.7 4.7 12.3 0 17l-99 99c-7.6 7.6-20.5 2.2-20.5-8.5v-67H140c-6.6 0-12-5.4-12-12z\"><\/path><\/svg>\t\t\t\t<\/span>\n\t\t\t<\/div>\n\t\t\t\n\t\t\t\t\t\t<div class=\"elementor-icon-box-content\">\n\n\t\t\t\t\t\t\t\t\t<h3 class=\"elementor-icon-box-title\">\n\t\t\t\t\t\t<span  >\n\t\t\t\t\t\t\tDefender un nuevo modelo energ\u00e9tico 100% renovable\t\t\t\t\t\t<\/span>\n\t\t\t\t\t<\/h3>\n\t\t\t\t\n\t\t\t\t\t\t\t\t\t<p class=\"elementor-icon-box-description\">\n\t\t\t\t\t\tAfortunadamente ya parece que en los \u00e1mbitos pol\u00edticos, empresariales y sociales empiezan a ver rentable y con buenos ojos la incorporaci\u00f3n de las energ\u00edas renovables y la necesaria transici\u00f3n hacia un modelo 100% renovable. En Seneo lo hemos tenido claro desde hace mucho de tiempo, es por esto que entre nuestros objetivos contribuiremos, en la medida de nuestras posibilidades, a apoyar esta transici\u00f3n.\t\t\t\t\t<\/p>\n\t\t\t\t\n\t\t\t<\/div>\n\t\t\t\n\t\t<\/div>\n\t\t\t\t\t\t<\/div>\n\t\t\t\t<\/div>\n\t\t\t\t\t<\/div>\n\t\t<\/div>\n\t\t\t\t<div class=\"elementor-column elementor-col-50 elementor-top-column elementor-element elementor-element-4f43fa2 elementor-invisible\" data-id=\"4f43fa2\" data-element_type=\"column\" data-e-type=\"column\" data-settings=\"{&quot;animation&quot;:&quot;fadeInRight&quot;}\">\n\t\t\t<div class=\"elementor-widget-wrap elementor-element-populated\">\n\t\t\t\t\t\t<div class=\"elementor-element elementor-element-9a7850b elementor-widget elementor-widget-image\" data-id=\"9a7850b\" data-element_type=\"widget\" data-e-type=\"widget\" data-widget_type=\"image.default\">\n\t\t\t\t<div class=\"elementor-widget-container\">\n\t\t\t\t\t\t\t\t\t\t\t\t\t\t\t<img fetchpriority=\"high\" decoding=\"async\" width=\"1024\" height=\"564\" src=\"https:\/\/www.seneo.org\/wp-content\/uploads\/2022\/07\/slide3-img3-min-1024x564.jpeg\" class=\"attachment-large size-large wp-image-5080\" alt=\"\" srcset=\"https:\/\/www.seneo.org\/wp-content\/uploads\/2022\/07\/slide3-img3-min-1024x564.jpeg 1024w, https:\/\/www.seneo.org\/wp-content\/uploads\/2022\/07\/slide3-img3-min-300x165.jpeg 300w, https:\/\/www.seneo.org\/wp-content\/uploads\/2022\/07\/slide3-img3-min-768x423.jpeg 768w, https:\/\/www.seneo.org\/wp-content\/uploads\/2022\/07\/slide3-img3-min-1536x846.jpeg 1536w, https:\/\/www.seneo.org\/wp-content\/uploads\/2022\/07\/slide3-img3-min.jpeg 1920w\" sizes=\"(max-width: 1024px) 100vw, 1024px\" \/>\t\t\t\t\t\t\t\t\t\t\t\t\t\t\t<\/div>\n\t\t\t\t<\/div>\n\t\t\t\t\t<\/div>\n\t\t<\/div>\n\t\t\t\t\t<\/div>\n\t\t<\/section>\n\t\t\t\t<section class=\"elementor-section elementor-top-section elementor-element elementor-element-af7511f elementor-reverse-tablet elementor-reverse-mobile elementor-section-boxed elementor-section-height-default elementor-section-height-default\" data-id=\"af7511f\" data-element_type=\"section\" data-e-type=\"section\" data-settings=\"{&quot;background_background&quot;:&quot;classic&quot;}\">\n\t\t\t\t\t\t<div class=\"elementor-container elementor-column-gap-default\">\n\t\t\t\t\t<div class=\"elementor-column elementor-col-50 elementor-top-column elementor-element elementor-element-883835f elementor-invisible\" data-id=\"883835f\" data-element_type=\"column\" data-e-type=\"column\" data-settings=\"{&quot;animation&quot;:&quot;fadeInLeft&quot;}\">\n\t\t\t<div class=\"elementor-widget-wrap elementor-element-populated\">\n\t\t\t\t\t\t<div class=\"elementor-element elementor-element-27b6c6b elementor-widget elementor-widget-image\" data-id=\"27b6c6b\" data-element_type=\"widget\" data-e-type=\"widget\" data-widget_type=\"image.default\">\n\t\t\t\t<div class=\"elementor-widget-container\">\n\t\t\t\t\t\t\t\t\t\t\t\t\t\t\t<img decoding=\"async\" width=\"1024\" height=\"684\" src=\"https:\/\/www.seneo.org\/wp-content\/uploads\/2022\/07\/003-1024x684.jpeg\" class=\"attachment-large size-large wp-image-5089\" alt=\"\" srcset=\"https:\/\/www.seneo.org\/wp-content\/uploads\/2022\/07\/003-1024x684.jpeg 1024w, https:\/\/www.seneo.org\/wp-content\/uploads\/2022\/07\/003-300x200.jpeg 300w, https:\/\/www.seneo.org\/wp-content\/uploads\/2022\/07\/003-768x513.jpeg 768w, https:\/\/www.seneo.org\/wp-content\/uploads\/2022\/07\/003.jpeg 1200w\" sizes=\"(max-width: 1024px) 100vw, 1024px\" \/>\t\t\t\t\t\t\t\t\t\t\t\t\t\t\t<\/div>\n\t\t\t\t<\/div>\n\t\t\t\t\t<\/div>\n\t\t<\/div>\n\t\t\t\t<div class=\"elementor-column elementor-col-50 elementor-top-column elementor-element elementor-element-83ba830 elementor-invisible\" data-id=\"83ba830\" data-element_type=\"column\" data-e-type=\"column\" data-settings=\"{&quot;animation&quot;:&quot;fadeInRight&quot;}\">\n\t\t\t<div class=\"elementor-widget-wrap elementor-element-populated\">\n\t\t\t\t\t\t<div class=\"elementor-element elementor-element-f39d36b elementor-position-inline-start elementor-view-default elementor-mobile-position-block-start elementor-widget elementor-widget-icon-box\" data-id=\"f39d36b\" data-element_type=\"widget\" data-e-type=\"widget\" data-widget_type=\"icon-box.default\">\n\t\t\t\t<div class=\"elementor-widget-container\">\n\t\t\t\t\t\t\t<div class=\"elementor-icon-box-wrapper\">\n\n\t\t\t\t\t\t<div class=\"elementor-icon-box-icon\">\n\t\t\t\t<span  class=\"elementor-icon\">\n\t\t\t\t<svg aria-hidden=\"true\" class=\"e-font-icon-svg e-far-arrow-alt-circle-right\" viewBox=\"0 0 512 512\" xmlns=\"http:\/\/www.w3.org\/2000\/svg\"><path d=\"M504 256C504 119 393 8 256 8S8 119 8 256s111 248 248 248 248-111 248-248zm-448 0c0-110.5 89.5-200 200-200s200 89.5 200 200-89.5 200-200 200S56 366.5 56 256zm72 20v-40c0-6.6 5.4-12 12-12h116v-67c0-10.7 12.9-16 20.5-8.5l99 99c4.7 4.7 4.7 12.3 0 17l-99 99c-7.6 7.6-20.5 2.2-20.5-8.5v-67H140c-6.6 0-12-5.4-12-12z\"><\/path><\/svg>\t\t\t\t<\/span>\n\t\t\t<\/div>\n\t\t\t\n\t\t\t\t\t\t<div class=\"elementor-icon-box-content\">\n\n\t\t\t\t\t\t\t\t\t<h3 class=\"elementor-icon-box-title\">\n\t\t\t\t\t\t<span  >\n\t\t\t\t\t\t\tFomento del autoconsumo energ\u00e9tico\t\t\t\t\t\t<\/span>\n\t\t\t\t\t<\/h3>\n\t\t\t\t\n\t\t\t\t\t\t\t\t\t<p class=\"elementor-icon-box-description\">\n\t\t\t\t\t\tCon la aprobaci\u00f3n del decreto que regula el autoconsumo nos hemos propuesto poder ofrecer instalaciones llave en mano a todas aquellas personas que est\u00e9n interesadas en poner en marcha una instalaci\u00f3n de autoconsumo para su vivienda o negocio. Seneo tiene capacidad para asesorar y llevar a cabo la ejecuci\u00f3n de estos proyectos en muy buenas\ncondiciones econ\u00f3micas y de servicio.\t\t\t\t\t<\/p>\n\t\t\t\t\n\t\t\t<\/div>\n\t\t\t\n\t\t<\/div>\n\t\t\t\t\t\t<\/div>\n\t\t\t\t<\/div>\n\t\t\t\t\t<\/div>\n\t\t<\/div>\n\t\t\t\t\t<\/div>\n\t\t<\/section>\n\t\t\t\t<section class=\"elementor-section elementor-top-section elementor-element elementor-element-d9c7ff0 elementor-section-boxed elementor-section-height-default elementor-section-height-default\" data-id=\"d9c7ff0\" data-element_type=\"section\" data-e-type=\"section\" data-settings=\"{&quot;background_background&quot;:&quot;classic&quot;}\">\n\t\t\t\t\t\t<div class=\"elementor-container elementor-column-gap-default\">\n\t\t\t\t\t<div class=\"elementor-column elementor-col-50 elementor-top-column elementor-element elementor-element-8450a9d elementor-invisible\" data-id=\"8450a9d\" data-element_type=\"column\" data-e-type=\"column\" data-settings=\"{&quot;animation&quot;:&quot;fadeInLeft&quot;}\">\n\t\t\t<div class=\"elementor-widget-wrap elementor-element-populated\">\n\t\t\t\t\t\t<div class=\"elementor-element elementor-element-ea22d52 elementor-position-inline-start elementor-view-default elementor-mobile-position-block-start elementor-widget elementor-widget-icon-box\" data-id=\"ea22d52\" data-element_type=\"widget\" data-e-type=\"widget\" data-widget_type=\"icon-box.default\">\n\t\t\t\t<div class=\"elementor-widget-container\">\n\t\t\t\t\t\t\t<div class=\"elementor-icon-box-wrapper\">\n\n\t\t\t\t\t\t<div class=\"elementor-icon-box-icon\">\n\t\t\t\t<span  class=\"elementor-icon\">\n\t\t\t\t<svg aria-hidden=\"true\" class=\"e-font-icon-svg e-far-arrow-alt-circle-right\" viewBox=\"0 0 512 512\" xmlns=\"http:\/\/www.w3.org\/2000\/svg\"><path d=\"M504 256C504 119 393 8 256 8S8 119 8 256s111 248 248 248 248-111 248-248zm-448 0c0-110.5 89.5-200 200-200s200 89.5 200 200-89.5 200-200 200S56 366.5 56 256zm72 20v-40c0-6.6 5.4-12 12-12h116v-67c0-10.7 12.9-16 20.5-8.5l99 99c4.7 4.7 4.7 12.3 0 17l-99 99c-7.6 7.6-20.5 2.2-20.5-8.5v-67H140c-6.6 0-12-5.4-12-12z\"><\/path><\/svg>\t\t\t\t<\/span>\n\t\t\t<\/div>\n\t\t\t\n\t\t\t\t\t\t<div class=\"elementor-icon-box-content\">\n\n\t\t\t\t\t\t\t\t\t<h3 class=\"elementor-icon-box-title\">\n\t\t\t\t\t\t<span  >\n\t\t\t\t\t\t\tGenerar nuestra propia energ\u00eda\t\t\t\t\t\t<\/span>\n\t\t\t\t\t<\/h3>\n\t\t\t\t\n\t\t\t\t\t\t\t\t\t<p class=\"elementor-icon-box-description\">\n\t\t\t\t\t\tAspiramos a la puesta en marcha de centrales de energ\u00eda renovable, propiedad de la cooperativa, para producir una parte de la energ\u00eda que consumimos y de este modo compensar nuestra demanda energ\u00e9tica que hacemos en el mercado el\u00e9ctrico.\t\t\t\t\t<\/p>\n\t\t\t\t\n\t\t\t<\/div>\n\t\t\t\n\t\t<\/div>\n\t\t\t\t\t\t<\/div>\n\t\t\t\t<\/div>\n\t\t\t\t\t<\/div>\n\t\t<\/div>\n\t\t\t\t<div class=\"elementor-column elementor-col-50 elementor-top-column elementor-element elementor-element-ae06141 elementor-invisible\" data-id=\"ae06141\" data-element_type=\"column\" data-e-type=\"column\" data-settings=\"{&quot;animation&quot;:&quot;fadeInRight&quot;}\">\n\t\t\t<div class=\"elementor-widget-wrap elementor-element-populated\">\n\t\t\t\t\t\t<div class=\"elementor-element elementor-element-fedbe2e elementor-widget elementor-widget-image\" data-id=\"fedbe2e\" data-element_type=\"widget\" data-e-type=\"widget\" data-widget_type=\"image.default\">\n\t\t\t\t<div class=\"elementor-widget-container\">\n\t\t\t\t\t\t\t\t\t\t\t\t\t\t\t<img decoding=\"async\" width=\"1024\" height=\"578\" src=\"https:\/\/www.seneo.org\/wp-content\/uploads\/2024\/04\/hand-holding-light-bulb-with-innovative-and-creativity-are-keys-to-success-1-min-scaled-1-1024x578.jpg\" class=\"attachment-large size-large wp-image-5148\" alt=\"\" srcset=\"https:\/\/www.seneo.org\/wp-content\/uploads\/2024\/04\/hand-holding-light-bulb-with-innovative-and-creativity-are-keys-to-success-1-min-scaled-1-1024x578.jpg 1024w, https:\/\/www.seneo.org\/wp-content\/uploads\/2024\/04\/hand-holding-light-bulb-with-innovative-and-creativity-are-keys-to-success-1-min-scaled-1-300x169.jpg 300w, https:\/\/www.seneo.org\/wp-content\/uploads\/2024\/04\/hand-holding-light-bulb-with-innovative-and-creativity-are-keys-to-success-1-min-scaled-1-768x434.jpg 768w, https:\/\/www.seneo.org\/wp-content\/uploads\/2024\/04\/hand-holding-light-bulb-with-innovative-and-creativity-are-keys-to-success-1-min-scaled-1-1536x867.jpg 1536w, https:\/\/www.seneo.org\/wp-content\/uploads\/2024\/04\/hand-holding-light-bulb-with-innovative-and-creativity-are-keys-to-success-1-min-scaled-1-2048x1156.jpg 2048w, https:\/\/www.seneo.org\/wp-content\/uploads\/2024\/04\/hand-holding-light-bulb-with-innovative-and-creativity-are-keys-to-success-1-min-scaled-1-177x100.jpg 177w\" sizes=\"(max-width: 1024px) 100vw, 1024px\" \/>\t\t\t\t\t\t\t\t\t\t\t\t\t\t\t<\/div>\n\t\t\t\t<\/div>\n\t\t\t\t\t<\/div>\n\t\t<\/div>\n\t\t\t\t\t<\/div>\n\t\t<\/section>\n\t\t\t\t<section class=\"elementor-section elementor-top-section elementor-element elementor-element-f6410db elementor-reverse-tablet elementor-reverse-mobile elementor-section-boxed elementor-section-height-default elementor-section-height-default\" data-id=\"f6410db\" data-element_type=\"section\" data-e-type=\"section\" data-settings=\"{&quot;background_background&quot;:&quot;classic&quot;}\">\n\t\t\t\t\t\t<div class=\"elementor-container elementor-column-gap-default\">\n\t\t\t\t\t<div class=\"elementor-column elementor-col-50 elementor-top-column elementor-element elementor-element-10d2b27 elementor-invisible\" data-id=\"10d2b27\" data-element_type=\"column\" data-e-type=\"column\" data-settings=\"{&quot;animation&quot;:&quot;fadeInLeft&quot;}\">\n\t\t\t<div class=\"elementor-widget-wrap elementor-element-populated\">\n\t\t\t\t\t\t<div class=\"elementor-element elementor-element-f6839d0 elementor-widget elementor-widget-image\" data-id=\"f6839d0\" data-element_type=\"widget\" data-e-type=\"widget\" data-widget_type=\"image.default\">\n\t\t\t\t<div class=\"elementor-widget-container\">\n\t\t\t\t\t\t\t\t\t\t\t\t\t\t\t<img loading=\"lazy\" decoding=\"async\" width=\"1920\" height=\"1280\" src=\"https:\/\/www.seneo.org\/wp-content\/uploads\/2024\/04\/familia-luz-exterior.jpg\" class=\"attachment-full size-full wp-image-5151\" alt=\"\" srcset=\"https:\/\/www.seneo.org\/wp-content\/uploads\/2024\/04\/familia-luz-exterior.jpg 1920w, https:\/\/www.seneo.org\/wp-content\/uploads\/2024\/04\/familia-luz-exterior-300x200.jpg 300w, https:\/\/www.seneo.org\/wp-content\/uploads\/2024\/04\/familia-luz-exterior-1024x683.jpg 1024w, https:\/\/www.seneo.org\/wp-content\/uploads\/2024\/04\/familia-luz-exterior-768x512.jpg 768w, https:\/\/www.seneo.org\/wp-content\/uploads\/2024\/04\/familia-luz-exterior-1536x1024.jpg 1536w\" sizes=\"(max-width: 1920px) 100vw, 1920px\" \/>\t\t\t\t\t\t\t\t\t\t\t\t\t\t\t<\/div>\n\t\t\t\t<\/div>\n\t\t\t\t\t<\/div>\n\t\t<\/div>\n\t\t\t\t<div class=\"elementor-column elementor-col-50 elementor-top-column elementor-element elementor-element-2979619 elementor-invisible\" data-id=\"2979619\" data-element_type=\"column\" data-e-type=\"column\" data-settings=\"{&quot;animation&quot;:&quot;fadeInRight&quot;}\">\n\t\t\t<div class=\"elementor-widget-wrap elementor-element-populated\">\n\t\t\t\t\t\t<div class=\"elementor-element elementor-element-18413cb elementor-position-inline-start elementor-view-default elementor-mobile-position-block-start elementor-widget elementor-widget-icon-box\" data-id=\"18413cb\" data-element_type=\"widget\" data-e-type=\"widget\" data-widget_type=\"icon-box.default\">\n\t\t\t\t<div class=\"elementor-widget-container\">\n\t\t\t\t\t\t\t<div class=\"elementor-icon-box-wrapper\">\n\n\t\t\t\t\t\t<div class=\"elementor-icon-box-icon\">\n\t\t\t\t<span  class=\"elementor-icon\">\n\t\t\t\t<svg aria-hidden=\"true\" class=\"e-font-icon-svg e-far-arrow-alt-circle-right\" viewBox=\"0 0 512 512\" xmlns=\"http:\/\/www.w3.org\/2000\/svg\"><path d=\"M504 256C504 119 393 8 256 8S8 119 8 256s111 248 248 248 248-111 248-248zm-448 0c0-110.5 89.5-200 200-200s200 89.5 200 200-89.5 200-200 200S56 366.5 56 256zm72 20v-40c0-6.6 5.4-12 12-12h116v-67c0-10.7 12.9-16 20.5-8.5l99 99c4.7 4.7 4.7 12.3 0 17l-99 99c-7.6 7.6-20.5 2.2-20.5-8.5v-67H140c-6.6 0-12-5.4-12-12z\"><\/path><\/svg>\t\t\t\t<\/span>\n\t\t\t<\/div>\n\t\t\t\n\t\t\t\t\t\t<div class=\"elementor-icon-box-content\">\n\n\t\t\t\t\t\t\t\t\t<h3 class=\"elementor-icon-box-title\">\n\t\t\t\t\t\t<span  >\n\t\t\t\t\t\t\tPoner en valor el cooperativismo y la econom\u00eda social\t\t\t\t\t\t<\/span>\n\t\t\t\t\t<\/h3>\n\t\t\t\t\n\t\t\t\t\t\t\t\t\t<p class=\"elementor-icon-box-description\">\n\t\t\t\t\t\tEl cooperativismo es un sector que procura ocupaci\u00f3n de calidad, mejora el entorno social m\u00e1s inmediato donde se ubica y vela por la sostenibilidad en su actividad aunque, parad\u00f3jicamente, es bastante desconocido por una parte importante de la sociedad. Con Seneo queremos dar ejemplo de que proyectos cooperativos como el nuestro son viables y adem\u00e1s tienen capacidad transformadora donde son compatibles el beneficio econ\u00f3mico, la sostenibilidad y la calidad en el trabajo.\t\t\t\t\t<\/p>\n\t\t\t\t\n\t\t\t<\/div>\n\t\t\t\n\t\t<\/div>\n\t\t\t\t\t\t<\/div>\n\t\t\t\t<\/div>\n\t\t\t\t\t<\/div>\n\t\t<\/div>\n\t\t\t\t\t<\/div>\n\t\t<\/section>\n\t\t\t\t<section class=\"elementor-section elementor-top-section elementor-element elementor-element-c180670 elementor-section-boxed elementor-section-height-default elementor-section-height-default\" data-id=\"c180670\" data-element_type=\"section\" data-e-type=\"section\" data-settings=\"{&quot;background_background&quot;:&quot;classic&quot;}\">\n\t\t\t\t\t\t<div class=\"elementor-container elementor-column-gap-default\">\n\t\t\t\t\t<div class=\"elementor-column elementor-col-50 elementor-top-column elementor-element elementor-element-573f651 elementor-invisible\" data-id=\"573f651\" data-element_type=\"column\" data-e-type=\"column\" data-settings=\"{&quot;animation&quot;:&quot;fadeInLeft&quot;}\">\n\t\t\t<div class=\"elementor-widget-wrap elementor-element-populated\">\n\t\t\t\t\t\t<div class=\"elementor-element elementor-element-f0f912f elementor-position-inline-start elementor-view-default elementor-mobile-position-block-start elementor-widget elementor-widget-icon-box\" data-id=\"f0f912f\" data-element_type=\"widget\" data-e-type=\"widget\" data-widget_type=\"icon-box.default\">\n\t\t\t\t<div class=\"elementor-widget-container\">\n\t\t\t\t\t\t\t<div class=\"elementor-icon-box-wrapper\">\n\n\t\t\t\t\t\t<div class=\"elementor-icon-box-icon\">\n\t\t\t\t<span  class=\"elementor-icon\">\n\t\t\t\t<svg aria-hidden=\"true\" class=\"e-font-icon-svg e-far-arrow-alt-circle-right\" viewBox=\"0 0 512 512\" xmlns=\"http:\/\/www.w3.org\/2000\/svg\"><path d=\"M504 256C504 119 393 8 256 8S8 119 8 256s111 248 248 248 248-111 248-248zm-448 0c0-110.5 89.5-200 200-200s200 89.5 200 200-89.5 200-200 200S56 366.5 56 256zm72 20v-40c0-6.6 5.4-12 12-12h116v-67c0-10.7 12.9-16 20.5-8.5l99 99c4.7 4.7 4.7 12.3 0 17l-99 99c-7.6 7.6-20.5 2.2-20.5-8.5v-67H140c-6.6 0-12-5.4-12-12z\"><\/path><\/svg>\t\t\t\t<\/span>\n\t\t\t<\/div>\n\t\t\t\n\t\t\t\t\t\t<div class=\"elementor-icon-box-content\">\n\n\t\t\t\t\t\t\t\t\t<h3 class=\"elementor-icon-box-title\">\n\t\t\t\t\t\t<span  >\n\t\t\t\t\t\t\tSensibilizaci\u00f3n\t\t\t\t\t\t<\/span>\n\t\t\t\t\t<\/h3>\n\t\t\t\t\n\t\t\t\t\t\t\t\t\t<p class=\"elementor-icon-box-description\">\n\t\t\t\t\t\tConcienciar a la sociedad de que los recursos son limitados y que nuestras acciones repercuten directamente sobre la vida en el planeta y sobre todos los seres que en \u00e9l habitan actualmente y que lo har\u00e1n en el futuro. Igualmente queremos sensibilizar de la necesidad de un modelo energ\u00e9tico que reduzca nuestra dependencia de los combustibles f\u00f3siles y la energ\u00eda nuclear as\u00ed como tratar de hacer ver los efectos del cambio clim\u00e1tico que ya tenemos aqu\u00ed y son evidentes.\t\t\t\t\t<\/p>\n\t\t\t\t\n\t\t\t<\/div>\n\t\t\t\n\t\t<\/div>\n\t\t\t\t\t\t<\/div>\n\t\t\t\t<\/div>\n\t\t\t\t\t<\/div>\n\t\t<\/div>\n\t\t\t\t<div class=\"elementor-column elementor-col-50 elementor-top-column elementor-element elementor-element-bb86a7a elementor-invisible\" data-id=\"bb86a7a\" data-element_type=\"column\" data-e-type=\"column\" data-settings=\"{&quot;animation&quot;:&quot;fadeInRight&quot;}\">\n\t\t\t<div class=\"elementor-widget-wrap elementor-element-populated\">\n\t\t\t\t\t\t<div class=\"elementor-element elementor-element-5f7077b elementor-widget elementor-widget-image\" data-id=\"5f7077b\" data-element_type=\"widget\" data-e-type=\"widget\" data-widget_type=\"image.default\">\n\t\t\t\t<div class=\"elementor-widget-container\">\n\t\t\t\t\t\t\t\t\t\t\t\t\t\t\t<img loading=\"lazy\" decoding=\"async\" width=\"1024\" height=\"576\" src=\"https:\/\/www.seneo.org\/wp-content\/uploads\/2024\/05\/sostenibilitat-1024x576.jpg\" class=\"attachment-large size-large wp-image-5165\" alt=\"\" srcset=\"https:\/\/www.seneo.org\/wp-content\/uploads\/2024\/05\/sostenibilitat-1024x576.jpg 1024w, https:\/\/www.seneo.org\/wp-content\/uploads\/2024\/05\/sostenibilitat-300x169.jpg 300w, https:\/\/www.seneo.org\/wp-content\/uploads\/2024\/05\/sostenibilitat-768x432.jpg 768w, https:\/\/www.seneo.org\/wp-content\/uploads\/2024\/05\/sostenibilitat-1536x864.jpg 1536w, https:\/\/www.seneo.org\/wp-content\/uploads\/2024\/05\/sostenibilitat-820x461.jpg 820w, https:\/\/www.seneo.org\/wp-content\/uploads\/2024\/05\/sostenibilitat-1170x658.jpg 1170w, https:\/\/www.seneo.org\/wp-content\/uploads\/2024\/05\/sostenibilitat-177x100.jpg 177w, https:\/\/www.seneo.org\/wp-content\/uploads\/2024\/05\/sostenibilitat.jpg 1920w\" sizes=\"(max-width: 1024px) 100vw, 1024px\" \/>\t\t\t\t\t\t\t\t\t\t\t\t\t\t\t<\/div>\n\t\t\t\t<\/div>\n\t\t\t\t\t<\/div>\n\t\t<\/div>\n\t\t\t\t\t<\/div>\n\t\t<\/section>\n\t\t\t\t<\/div>\n\t\t","protected":false},"excerpt":{"rendered":"<p>Defender un nuevo modelo energ\u00e9tico 100% renovable Afortunadamente ya parece que en los \u00e1mbitos pol\u00edticos, empresariales y sociales empiezan a ver rentable y con buenos ojos la incorporaci\u00f3n de las energ\u00edas renovables y la necesaria transici\u00f3n hacia un modelo 100% renovable. En Seneo lo hemos tenido claro desde hace mucho de tiempo, es por esto [&hellip;]<\/p>\n","protected":false},"author":1,"featured_media":0,"parent":0,"menu_order":0,"comment_status":"closed","ping_status":"closed","template":"elementor_header_footer","meta":{"_acf_changed":false,"footnotes":""},"class_list":["post-5222","page","type-page","status-publish","hentry"],"acf":[],"_links":{"self":[{"href":"https:\/\/www.seneo.org\/es\/wp-json\/wp\/v2\/pages\/5222","targetHints":{"allow":["GET"]}}],"collection":[{"href":"https:\/\/www.seneo.org\/es\/wp-json\/wp\/v2\/pages"}],"about":[{"href":"https:\/\/www.seneo.org\/es\/wp-json\/wp\/v2\/types\/page"}],"author":[{"embeddable":true,"href":"https:\/\/www.seneo.org\/es\/wp-json\/wp\/v2\/users\/1"}],"replies":[{"embeddable":true,"href":"https:\/\/www.seneo.org\/es\/wp-json\/wp\/v2\/comments?post=5222"}],"version-history":[{"count":15,"href":"https:\/\/www.seneo.org\/es\/wp-json\/wp\/v2\/pages\/5222\/revisions"}],"predecessor-version":[{"id":6835,"href":"https:\/\/www.seneo.org\/es\/wp-json\/wp\/v2\/pages\/5222\/revisions\/6835"}],"wp:attachment":[{"href":"https:\/\/www.seneo.org\/es\/wp-json\/wp\/v2\/media?parent=5222"}],"curies":[{"name":"wp","href":"https:\/\/api.w.org\/{rel}","templated":true}]}}