{"id":5324,"date":"2024-05-03T18:24:25","date_gmt":"2024-05-03T16:24:25","guid":{"rendered":"https:\/\/www.seneo.org\/?page_id=5324"},"modified":"2024-05-17T18:19:25","modified_gmt":"2024-05-17T16:19:25","slug":"compara-tu-factura","status":"publish","type":"page","link":"https:\/\/www.seneo.org\/es\/compara-tu-factura\/","title":{"rendered":"Compara tu factura"},"content":{"rendered":"\t\t<div data-elementor-type=\"wp-page\" data-elementor-id=\"5324\" class=\"elementor elementor-5324 elementor-4698\">\n\t\t\t\t<div class=\"elementor-element elementor-element-bcede80 e-flex e-con-boxed e-con e-parent\" data-id=\"bcede80\" data-element_type=\"container\" data-e-type=\"container\" data-settings=\"{&quot;background_background&quot;:&quot;classic&quot;}\">\n\t\t\t\t\t<div class=\"e-con-inner\">\n\t\t\t\t<div class=\"elementor-element elementor-element-c9c0a0e elementor-widget elementor-widget-modina_section_title\" data-id=\"c9c0a0e\" data-element_type=\"widget\" data-e-type=\"widget\" data-widget_type=\"modina_section_title.default\">\n\t\t\t\t<div class=\"elementor-widget-container\">\n\t\t\t\t\t\r\n        <div class=\"block-contents text-center\">\r\n        <div class=\"section-title\">\r\n            <h5 class=\"text-center\">about<\/h5>\r\n            <span>Qu\u00e9 pagar\u00e1s<\/span>\r\n            <h2>Compara <br>tu <span>factura<\/span><\/h2>\r\n        <\/div>\r\n            <\/div>\r\n    \r\n    \t\t\t\t<\/div>\n\t\t\t\t<\/div>\n\t\t\t\t<div class=\"elementor-element elementor-element-ee23d33 elementor-invisible elementor-widget elementor-widget-text-editor\" data-id=\"ee23d33\" data-element_type=\"widget\" data-e-type=\"widget\" data-settings=\"{&quot;_animation&quot;:&quot;fadeInUp&quot;}\" data-widget_type=\"text-editor.default\">\n\t\t\t\t<div class=\"elementor-widget-container\">\n\t\t\t\t\t\t\t\t\t<h2><strong>\u00bfCU\u00c1NTO TE COSTAR\u00cdA TU FACTURA CON SENEO?<\/strong><\/h2><p>Ahora que ya nos conoces un poco m\u00e1s tal vez quieras sumarte a nuestro proyecto y as\u00ed formar parte de SENEO, pero no est\u00e1s dispuesto\/a a pagar m\u00e1s dinero por el mismo servicio ni tener sorpresas, no hay ning\u00fan problema, en Seneo te calculamos tu \u00faltima factura y de esta manera sabes exactamente cu\u00e1nto hubieras pagado por la misma.<\/p><p>\u00a0<\/p><p>Para hacerlo tan s\u00f3lo deber\u00e1s pedirnos que te hagamos una comparativa sin ning\u00fan compromiso. Si es as\u00ed, \u00fanicamente necesitaremos que nos env\u00edes por correo electr\u00f3nico una copia de tu factura a nuestra direcci\u00f3n (<a href=\"&#x6d;&#97;i&#x6c;&#116;o&#x3a;&#x73;&#101;&#x6e;&#x65;&#111;&#64;&#x73;&#101;n&#x65;&#x6f;&#46;&#x6f;&#x72;&#103;\">&#x73;&#x65;&#x6e;&#x65;&#x6f;&#x40;&#x73;&#x65;&#x6e;&#x65;&#x6f;&#x2e;&#x6f;&#x72;&#x67;<\/a>) y en breve te lo haremos llegar. A partir de ah\u00ed t\u00fa decides si quieres empezar a consumir energ\u00eda renovable 100% y darnos tu apoyo.<\/p>\t\t\t\t\t\t\t\t<\/div>\n\t\t\t\t<\/div>\n\t\t\t\t\t<\/div>\n\t\t\t\t<\/div>\n\t\t\t\t<\/div>\n\t\t","protected":false},"excerpt":{"rendered":"<p>about Qu\u00e9 pagar\u00e1s Compara tu factura \u00bfCU\u00c1NTO TE COSTAR\u00cdA TU FACTURA CON SENEO? Ahora que ya nos conoces un poco m\u00e1s tal vez quieras sumarte a nuestro proyecto y as\u00ed formar parte de SENEO, pero no est\u00e1s dispuesto\/a a pagar m\u00e1s dinero por el mismo servicio ni tener sorpresas, no hay ning\u00fan problema, en Seneo [&hellip;]<\/p>\n","protected":false},"author":1,"featured_media":0,"parent":0,"menu_order":0,"comment_status":"closed","ping_status":"closed","template":"elementor_header_footer","meta":{"_acf_changed":false,"footnotes":""},"class_list":["post-5324","page","type-page","status-publish","hentry"],"acf":[],"_links":{"self":[{"href":"https:\/\/www.seneo.org\/es\/wp-json\/wp\/v2\/pages\/5324","targetHints":{"allow":["GET"]}}],"collection":[{"href":"https:\/\/www.seneo.org\/es\/wp-json\/wp\/v2\/pages"}],"about":[{"href":"https:\/\/www.seneo.org\/es\/wp-json\/wp\/v2\/types\/page"}],"author":[{"embeddable":true,"href":"https:\/\/www.seneo.org\/es\/wp-json\/wp\/v2\/users\/1"}],"replies":[{"embeddable":true,"href":"https:\/\/www.seneo.org\/es\/wp-json\/wp\/v2\/comments?post=5324"}],"version-history":[{"count":5,"href":"https:\/\/www.seneo.org\/es\/wp-json\/wp\/v2\/pages\/5324\/revisions"}],"predecessor-version":[{"id":5329,"href":"https:\/\/www.seneo.org\/es\/wp-json\/wp\/v2\/pages\/5324\/revisions\/5329"}],"wp:attachment":[{"href":"https:\/\/www.seneo.org\/es\/wp-json\/wp\/v2\/media?parent=5324"}],"curies":[{"name":"wp","href":"https:\/\/api.w.org\/{rel}","templated":true}]}}